{"id":5528,"date":"2024-04-10T11:17:13","date_gmt":"2024-04-10T09:17:13","guid":{"rendered":"https:\/\/ophtalmobroye.ch\/rechtliche-hinweise\/"},"modified":"2024-08-30T11:29:05","modified_gmt":"2024-08-30T09:29:05","slug":"rechtliche-hinweise","status":"publish","type":"page","link":"https:\/\/ophtalmobroye.ch\/de\/rechtliche-hinweise\/","title":{"rendered":"Rechtliche Hinweise"},"content":{"rendered":"<p>[et_pb_section fb_built=&#8220;1&#8243; module_class=&#8220;fontweightp&#8220; _builder_version=&#8220;4.25.1&#8243; _module_preset=&#8220;default&#8220; custom_padding=&#8220;|30px||30px|false|false&#8220; global_colors_info=&#8220;{}&#8220;][et_pb_row _builder_version=&#8220;4.24.2&#8243; _module_preset=&#8220;default&#8220; width=&#8220;100%&#8220; max_width=&#8220;1170px&#8220; global_colors_info=&#8220;{}&#8220;][et_pb_column type=&#8220;4_4&#8243; _builder_version=&#8220;4.24.2&#8243; _module_preset=&#8220;default&#8220; global_colors_info=&#8220;{}&#8220;][et_pb_text content_last_edited=&#8220;off|desktop&#8220; _builder_version=&#8220;4.27.0&#8243; _module_preset=&#8220;default&#8220; text_font=&#8220;Rubik||||||||&#8220; text_text_color=&#8220;#0a2861&#8243; text_font_size=&#8220;16px&#8220; header_font=&#8220;Rubik||||||||&#8220; header_text_color=&#8220;#0a2861&#8243; header_font_size=&#8220;45px&#8220; header_line_height=&#8220;1.3em&#8220; hover_enabled=&#8220;0&#8243; text_font_size_tablet=&#8220;15px&#8220; text_font_size_phone=&#8220;15px&#8220; text_font_size_last_edited=&#8220;on|tablet&#8220; header_font_size_tablet=&#8220;34px&#8220; header_font_size_phone=&#8220;34px&#8220; header_font_size_last_edited=&#8220;on|tablet&#8220; global_colors_info=&#8220;{}&#8220; sticky_enabled=&#8220;0&#8243;]<\/p>\n<h1>Rechtliche Hinweise<\/h1>\n<p>&nbsp;<\/p>\n<p>Diese Website wird herausgegeben von : Les Digivores<\/p>\n<p>Firmenname: Ophta Broye SA<\/p>\n<p>Adresse des eingetragenen Sitzes: Rue de la Gare 2, 1296 Coppet<\/p>\n<p>Verantwortlich f\u00fcr die Redaktion: Herr Eric Parent<\/p>\n<p>Telefon: +41 22 534 90 00<\/p>\n<p>Kontakt-E-Mail: <a href=\"mailto:contact@ophtavenir.com\">contact@ophtavenir.com<\/a><\/p>\n<p>Nominales Kapital: 100.000 CHF<\/p>\n<p>Rechtsform: Aktiengesellschaft<\/p>\n<p>UID-Nummer: in Bearbeitung<\/p>\n<p>NACE: Q8622 &#8211; T\u00e4tigkeit von Fach\u00e4rzten<\/p>\n<p>Diese Website wird gehostet von:<br \/>Infomaniak Network SA<br \/>Rue Eug\u00e8ne Marziano 25, 1227 Les Acacias (GE)<br \/>Tel: +33 9 71 03 02 64<\/p>\n<p>[\/et_pb_text][\/et_pb_column][\/et_pb_row][\/et_pb_section]<\/p>\n","protected":false},"excerpt":{"rendered":"<p>Rechtliche Hinweise &nbsp; Diese Website wird herausgegeben von : Les Digivores Firmenname: Ophta Broye SA Adresse des eingetragenen Sitzes: Rue de la Gare 2, 1296 Coppet Verantwortlich f\u00fcr die Redaktion: Herr Eric Parent Telefon: +41 22 534 90 00 Kontakt-E-Mail: contact@ophtavenir.com Nominales Kapital: 100.000 CHF Rechtsform: Aktiengesellschaft UID-Nummer: in Bearbeitung NACE: Q8622 &#8211; T\u00e4tigkeit von Fach\u00e4rzten Diese Website wird gehostet von:Infomaniak Network SARue Eug\u00e8ne Marziano 25, 1227 Les Acacias (GE)Tel: +33 9 71 03 02 64<\/p>\n","protected":false},"author":1,"featured_media":0,"parent":0,"menu_order":0,"comment_status":"closed","ping_status":"closed","template":"","meta":{"_et_pb_use_builder":"on","_et_pb_old_content":"","_et_gb_content_width":"","inline_featured_image":false,"footnotes":""},"class_list":["post-5528","page","type-page","status-publish","hentry"],"yoast_head":"<!-- This site is optimized with the Yoast SEO plugin v27.3 - https:\/\/yoast.com\/product\/yoast-seo-wordpress\/ -->\n<title>Rechtliche Hinweise - Clinique ophtalmologique de la Broye<\/title>\n<meta name=\"description\" content=\"Rechtliche Hinweise - Centre Ophtalmologique de la Broye\" \/>\n<meta name=\"robots\" content=\"index, follow, max-snippet:-1, max-image-preview:large, max-video-preview:-1\" \/>\n<link rel=\"canonical\" href=\"https:\/\/ophtalmobroye.ch\/de\/rechtliche-hinweise\/\" \/>\n<meta property=\"og:locale\" content=\"de_DE\" \/>\n<meta property=\"og:type\" content=\"article\" \/>\n<meta property=\"og:title\" content=\"Rechtliche Hinweise - Clinique ophtalmologique de la Broye\" \/>\n<meta property=\"og:description\" content=\"Rechtliche Hinweise - Centre Ophtalmologique de la Broye\" \/>\n<meta property=\"og:url\" content=\"https:\/\/ophtalmobroye.ch\/de\/rechtliche-hinweise\/\" \/>\n<meta property=\"og:site_name\" content=\"Clinique ophtalmologique de la Broye\" \/>\n<meta property=\"article:modified_time\" content=\"2024-08-30T09:29:05+00:00\" \/>\n<meta name=\"twitter:card\" content=\"summary_large_image\" \/>\n<meta name=\"twitter:label1\" content=\"Gesch\u00e4tzte Lesezeit\" \/>\n\t<meta name=\"twitter:data1\" content=\"1\u00a0Minute\" \/>\n<script type=\"application\/ld+json\" class=\"yoast-schema-graph\">{\"@context\":\"https:\\\/\\\/schema.org\",\"@graph\":[{\"@type\":\"WebPage\",\"@id\":\"https:\\\/\\\/ophtalmobroye.ch\\\/de\\\/rechtliche-hinweise\\\/\",\"url\":\"https:\\\/\\\/ophtalmobroye.ch\\\/de\\\/rechtliche-hinweise\\\/\",\"name\":\"Rechtliche Hinweise - Clinique ophtalmologique de la Broye\",\"isPartOf\":{\"@id\":\"https:\\\/\\\/ophtalmobroye.ch\\\/de\\\/#website\"},\"datePublished\":\"2024-04-10T09:17:13+00:00\",\"dateModified\":\"2024-08-30T09:29:05+00:00\",\"description\":\"Rechtliche Hinweise - Centre Ophtalmologique de la Broye\",\"breadcrumb\":{\"@id\":\"https:\\\/\\\/ophtalmobroye.ch\\\/de\\\/rechtliche-hinweise\\\/#breadcrumb\"},\"inLanguage\":\"de\",\"potentialAction\":[{\"@type\":\"ReadAction\",\"target\":[\"https:\\\/\\\/ophtalmobroye.ch\\\/de\\\/rechtliche-hinweise\\\/\"]}]},{\"@type\":\"BreadcrumbList\",\"@id\":\"https:\\\/\\\/ophtalmobroye.ch\\\/de\\\/rechtliche-hinweise\\\/#breadcrumb\",\"itemListElement\":[{\"@type\":\"ListItem\",\"position\":1,\"name\":\"Accueil\",\"item\":\"https:\\\/\\\/ophtalmobroye.ch\\\/de\\\/\"},{\"@type\":\"ListItem\",\"position\":2,\"name\":\"Rechtliche Hinweise\"}]},{\"@type\":\"WebSite\",\"@id\":\"https:\\\/\\\/ophtalmobroye.ch\\\/de\\\/#website\",\"url\":\"https:\\\/\\\/ophtalmobroye.ch\\\/de\\\/\",\"name\":\"Centre Ophtalmologique de la Broye\",\"description\":\"\",\"publisher\":{\"@id\":\"https:\\\/\\\/ophtalmobroye.ch\\\/de\\\/#organization\"},\"potentialAction\":[{\"@type\":\"SearchAction\",\"target\":{\"@type\":\"EntryPoint\",\"urlTemplate\":\"https:\\\/\\\/ophtalmobroye.ch\\\/de\\\/?s={search_term_string}\"},\"query-input\":{\"@type\":\"PropertyValueSpecification\",\"valueRequired\":true,\"valueName\":\"search_term_string\"}}],\"inLanguage\":\"de\"},{\"@type\":\"Organization\",\"@id\":\"https:\\\/\\\/ophtalmobroye.ch\\\/de\\\/#organization\",\"name\":\"Centre Ophtalmologique de la Broye\",\"url\":\"https:\\\/\\\/ophtalmobroye.ch\\\/de\\\/\",\"logo\":{\"@type\":\"ImageObject\",\"inLanguage\":\"de\",\"@id\":\"https:\\\/\\\/ophtalmobroye.ch\\\/de\\\/#\\\/schema\\\/logo\\\/image\\\/\",\"url\":\"https:\\\/\\\/ophtalmobroye.ch\\\/wp-content\\\/uploads\\\/2024\\\/08\\\/Logo-Centre-Ophtalmologique-de-la-Broye-1.svg\",\"contentUrl\":\"https:\\\/\\\/ophtalmobroye.ch\\\/wp-content\\\/uploads\\\/2024\\\/08\\\/Logo-Centre-Ophtalmologique-de-la-Broye-1.svg\",\"width\":251,\"height\":69,\"caption\":\"Centre Ophtalmologique de la Broye\"},\"image\":{\"@id\":\"https:\\\/\\\/ophtalmobroye.ch\\\/de\\\/#\\\/schema\\\/logo\\\/image\\\/\"}}]}<\/script>\n<!-- \/ Yoast SEO plugin. -->","yoast_head_json":{"title":"Rechtliche Hinweise - Clinique ophtalmologique de la Broye","description":"Rechtliche Hinweise - Centre Ophtalmologique de la Broye","robots":{"index":"index","follow":"follow","max-snippet":"max-snippet:-1","max-image-preview":"max-image-preview:large","max-video-preview":"max-video-preview:-1"},"canonical":"https:\/\/ophtalmobroye.ch\/de\/rechtliche-hinweise\/","og_locale":"de_DE","og_type":"article","og_title":"Rechtliche Hinweise - Clinique ophtalmologique de la Broye","og_description":"Rechtliche Hinweise - Centre Ophtalmologique de la Broye","og_url":"https:\/\/ophtalmobroye.ch\/de\/rechtliche-hinweise\/","og_site_name":"Clinique ophtalmologique de la Broye","article_modified_time":"2024-08-30T09:29:05+00:00","twitter_card":"summary_large_image","twitter_misc":{"Gesch\u00e4tzte Lesezeit":"1\u00a0Minute"},"schema":{"@context":"https:\/\/schema.org","@graph":[{"@type":"WebPage","@id":"https:\/\/ophtalmobroye.ch\/de\/rechtliche-hinweise\/","url":"https:\/\/ophtalmobroye.ch\/de\/rechtliche-hinweise\/","name":"Rechtliche Hinweise - Clinique ophtalmologique de la Broye","isPartOf":{"@id":"https:\/\/ophtalmobroye.ch\/de\/#website"},"datePublished":"2024-04-10T09:17:13+00:00","dateModified":"2024-08-30T09:29:05+00:00","description":"Rechtliche Hinweise - Centre Ophtalmologique de la Broye","breadcrumb":{"@id":"https:\/\/ophtalmobroye.ch\/de\/rechtliche-hinweise\/#breadcrumb"},"inLanguage":"de","potentialAction":[{"@type":"ReadAction","target":["https:\/\/ophtalmobroye.ch\/de\/rechtliche-hinweise\/"]}]},{"@type":"BreadcrumbList","@id":"https:\/\/ophtalmobroye.ch\/de\/rechtliche-hinweise\/#breadcrumb","itemListElement":[{"@type":"ListItem","position":1,"name":"Accueil","item":"https:\/\/ophtalmobroye.ch\/de\/"},{"@type":"ListItem","position":2,"name":"Rechtliche Hinweise"}]},{"@type":"WebSite","@id":"https:\/\/ophtalmobroye.ch\/de\/#website","url":"https:\/\/ophtalmobroye.ch\/de\/","name":"Centre Ophtalmologique de la Broye","description":"","publisher":{"@id":"https:\/\/ophtalmobroye.ch\/de\/#organization"},"potentialAction":[{"@type":"SearchAction","target":{"@type":"EntryPoint","urlTemplate":"https:\/\/ophtalmobroye.ch\/de\/?s={search_term_string}"},"query-input":{"@type":"PropertyValueSpecification","valueRequired":true,"valueName":"search_term_string"}}],"inLanguage":"de"},{"@type":"Organization","@id":"https:\/\/ophtalmobroye.ch\/de\/#organization","name":"Centre Ophtalmologique de la Broye","url":"https:\/\/ophtalmobroye.ch\/de\/","logo":{"@type":"ImageObject","inLanguage":"de","@id":"https:\/\/ophtalmobroye.ch\/de\/#\/schema\/logo\/image\/","url":"https:\/\/ophtalmobroye.ch\/wp-content\/uploads\/2024\/08\/Logo-Centre-Ophtalmologique-de-la-Broye-1.svg","contentUrl":"https:\/\/ophtalmobroye.ch\/wp-content\/uploads\/2024\/08\/Logo-Centre-Ophtalmologique-de-la-Broye-1.svg","width":251,"height":69,"caption":"Centre Ophtalmologique de la Broye"},"image":{"@id":"https:\/\/ophtalmobroye.ch\/de\/#\/schema\/logo\/image\/"}}]}},"_links":{"self":[{"href":"https:\/\/ophtalmobroye.ch\/de\/wp-json\/wp\/v2\/pages\/5528","targetHints":{"allow":["GET"]}}],"collection":[{"href":"https:\/\/ophtalmobroye.ch\/de\/wp-json\/wp\/v2\/pages"}],"about":[{"href":"https:\/\/ophtalmobroye.ch\/de\/wp-json\/wp\/v2\/types\/page"}],"author":[{"embeddable":true,"href":"https:\/\/ophtalmobroye.ch\/de\/wp-json\/wp\/v2\/users\/1"}],"replies":[{"embeddable":true,"href":"https:\/\/ophtalmobroye.ch\/de\/wp-json\/wp\/v2\/comments?post=5528"}],"version-history":[{"count":16,"href":"https:\/\/ophtalmobroye.ch\/de\/wp-json\/wp\/v2\/pages\/5528\/revisions"}],"predecessor-version":[{"id":9229,"href":"https:\/\/ophtalmobroye.ch\/de\/wp-json\/wp\/v2\/pages\/5528\/revisions\/9229"}],"wp:attachment":[{"href":"https:\/\/ophtalmobroye.ch\/de\/wp-json\/wp\/v2\/media?parent=5528"}],"curies":[{"name":"wp","href":"https:\/\/api.w.org\/{rel}","templated":true}]}}